{"id":1032,"date":"2019-07-25T19:33:20","date_gmt":"2019-07-25T17:33:20","guid":{"rendered":"http:\/\/www.comunagaliciuica.ro\/?page_id=1032"},"modified":"2026-04-10T08:17:03","modified_gmt":"2026-04-10T06:17:03","slug":"stare-civila","status":"publish","type":"page","link":"https:\/\/comunagaliciuica.ro\/?page_id=1032","title":{"rendered":"Stare civila"},"content":{"rendered":"<p><span style=\"color: #ff0000;\"><strong>2026<\/strong><\/span><\/p>\n<ul>\n<li><a href=\"https:\/\/comunagaliciuica.ro\/wp-content\/uploads\/2026\/04\/Publicatie-casatorie-09.04.2026.pdf\">Publicatie casatorie 09.04.2026<\/a><\/li>\n<\/ul>\n<p><span style=\"color: #ff0000;\"><strong>2025<\/strong><\/span><\/p>\n<ul>\n<li><a href=\"https:\/\/comunagaliciuica.ro\/wp-content\/uploads\/2025\/10\/Publicatie-casatorie-01.10.2025.pdf\">Publica\u021bie casatorie 01.10.2025<\/a><\/li>\n<li><a href=\"https:\/\/comunagaliciuica.ro\/wp-content\/uploads\/2025\/09\/Publicatie-casatorie-03.09.2025-2.pdf\">Publica\u021bie c\u0103s\u0103torie 03.09.2025 (2)<\/a><\/li>\n<li><a href=\"https:\/\/comunagaliciuica.ro\/wp-content\/uploads\/2025\/09\/Publicatie-casatorie-03.09.2025-1.pdf\">Publica\u021bie c\u0103s\u0103torie 03.09.2025 (1)<\/a><\/li>\n<li><a href=\"https:\/\/comunagaliciuica.ro\/wp-content\/uploads\/2025\/07\/Publicatie-casatorie-08.07.2025.pdf\">Publica\u021bie c\u0103s\u0103torie 08.07.2025<\/a><\/li>\n<\/ul>\n<p><span style=\"color: #ff0000;\"><strong>2024<\/strong><\/span><\/p>\n<ul>\n<li><a href=\"https:\/\/comunagaliciuica.ro\/wp-content\/uploads\/2024\/10\/Publicatie-casatorie-09.10.2024.pdf\">Publicatie c\u0103s\u0103torie 09.10.2024<\/a><\/li>\n<li><a href=\"https:\/\/comunagaliciuica.ro\/wp-content\/uploads\/2024\/09\/Publicatie-casatorie-23.09.2024.pdf\">Publicatie casatorie 23.09.2024<\/a><\/li>\n<li><a href=\"https:\/\/comunagaliciuica.ro\/wp-content\/uploads\/2024\/09\/Publicatie-casatorie-12.09.2024.pdf\">Publicatie casatorie 12.09.2024<\/a><\/li>\n<li><a href=\"https:\/\/comunagaliciuica.ro\/wp-content\/uploads\/2024\/08\/Publicatie-casatorie-14.08.2024-I.pdf\">Publicatie casatorie 14.08.2024 I<\/a><\/li>\n<li><a href=\"https:\/\/comunagaliciuica.ro\/wp-content\/uploads\/2024\/08\/Publicatie-casatorie-14.08.2024.pdf\">Publicatie casatorie 14.08.2024<\/a><\/li>\n<li><a href=\"https:\/\/comunagaliciuica.ro\/wp-content\/uploads\/2024\/05\/Publicatie-casatorie-16.05.2024.pdf\">Publicatie casatorie 16.05.2024<\/a><\/li>\n<\/ul>\n<p><span style=\"color: #ff0000;\"><strong>2023<\/strong><\/span><\/p>\n<ul>\n<li><a href=\"https:\/\/comunagaliciuica.ro\/wp-content\/uploads\/2023\/09\/Publicatie-casatorie-06.09.2023.pdf\">Publicatie casatorie 06.09.2023<\/a><\/li>\n<li><a href=\"https:\/\/comunagaliciuica.ro\/wp-content\/uploads\/2023\/08\/Publicatie-casatorie-31.08.2023.pdf\">Publicatie casatorie 31.08.2023<\/a><\/li>\n<li><a href=\"https:\/\/comunagaliciuica.ro\/wp-content\/uploads\/2023\/07\/Publicatie-casatorie-19.07.2023.pdf\">Publicatie casatorie 19.07.2023<\/a><\/li>\n<li><a href=\"https:\/\/comunagaliciuica.ro\/wp-content\/uploads\/2023\/06\/Publicatie-casatorie-15.06.2023.pdf\">Publicatie casatorie 15.06.2023<\/a><\/li>\n<li><a href=\"https:\/\/comunagaliciuica.ro\/wp-content\/uploads\/2023\/03\/Publicatie-casatorie-29.03.2023.pdf\">Publicatie casatorie 29.03.2023<\/a><\/li>\n<li><a href=\"https:\/\/comunagaliciuica.ro\/wp-content\/uploads\/2023\/02\/Publicatie-casatorie-01.02.2023.pdf\">Publicatie casatorie 01.02.2023<\/a><\/li>\n<\/ul>\n<p><span style=\"color: #ff0000;\"><strong>2022<\/strong><\/span><\/p>\n<ul>\n<li><a href=\"https:\/\/comunagaliciuica.ro\/wp-content\/uploads\/2022\/09\/Publicatie-casatorie-15.09.2022.pdf\">Publicatie casatorie 15.09.2022<\/a><\/li>\n<li><a href=\"https:\/\/comunagaliciuica.ro\/wp-content\/uploads\/2022\/08\/Publicatie-casatorie-16.08.2022.pdf\">Publicatie casatorie 16.08.2022<\/a><\/li>\n<li><a href=\"https:\/\/comunagaliciuica.ro\/wp-content\/uploads\/2022\/07\/Publicatie-casatorie-12.07.2022.pdf\">Publicatie casatorie 12.07.2022<\/a><\/li>\n<li><a href=\"https:\/\/comunagaliciuica.ro\/wp-content\/uploads\/2022\/07\/Publicatie-casatorie-06.07.2022.pdf\">Publicatie casatorie 06.07.2022<\/a><\/li>\n<li><a href=\"https:\/\/comunagaliciuica.ro\/wp-content\/uploads\/2022\/06\/PUBLICATIE-CASATORIE-24.06.2022.pdf\">PUBLICATIE CASATORIE 24.06.2022<\/a><\/li>\n<li><a href=\"https:\/\/comunagaliciuica.ro\/wp-content\/uploads\/2022\/06\/PUBLICATIE-CASATORIE-20.06.2022.pdf\">PUBLICATIE CASATORIE 20.06.2022<\/a><\/li>\n<li><a href=\"https:\/\/comunagaliciuica.ro\/wp-content\/uploads\/2022\/06\/Publicatie-casatorie-02.06.2022.pdf\">Publicatie casatorie 02.06.2022<\/a><\/li>\n<li><a href=\"https:\/\/comunagaliciuica.ro\/wp-content\/uploads\/2022\/05\/Publicatie-casatorie-26.05.2022.pdf\">Publicatie casatorie 26.05.2022<\/a><\/li>\n<li><a href=\"https:\/\/comunagaliciuica.ro\/wp-content\/uploads\/2022\/03\/Publicatie-casatorie-25.03.2022.pdf\">Publicatie casatorie 25.03.2022<\/a><\/li>\n<\/ul>\n<p><span style=\"color: #ff0000;\"><strong>2021<\/strong><\/span><\/p>\n<p><a href=\"https:\/\/comunagaliciuica.ro\/wp-content\/uploads\/2021\/12\/Publicatie-casatorie-09.11.2021.pdf\">Publicatie casatorie 09.11.2021<\/a><\/p>\n<p><a href=\"https:\/\/comunagaliciuica.ro\/wp-content\/uploads\/2021\/10\/Publicatie-casatorie-15.10.2021.pdf\">Publicatie casatorie 15.10.2021<\/a><\/p>\n<p><a href=\"https:\/\/comunagaliciuica.ro\/wp-content\/uploads\/2021\/10\/Publicatie-casatorie-30.09.2021.pdf\">Publicatie casatorie 30.09.2021<\/a><\/p>\n<p><a href=\"https:\/\/comunagaliciuica.ro\/wp-content\/uploads\/2021\/09\/Publicatie-casatorie-23.09.2021.pdf\">Publicatie casatorie 23.09.2021<\/a><\/p>\n<p><a href=\"https:\/\/comunagaliciuica.ro\/wp-content\/uploads\/2021\/09\/Publicatie-casatorie-02.09.2021.pdf\">Publicatie casatorie 02.09.2021<\/a><\/p>\n<p><strong><span style=\"color: #ff0000;\">2020<\/span><\/strong><br \/>\n<a href=\"https:\/\/comunagaliciuica.ro\/wp-content\/uploads\/2020\/09\/Publicatie-casatorie-03.09.2020.pdf\">Publicatie casatorie 03.09.2020<\/a><\/p>\n<p><strong><span style=\"color: #ff0000;\">2019<\/span><\/strong><br \/>\n<a href=\"https:\/\/comunagaliciuica.ro\/wp-content\/uploads\/2019\/08\/Publicatie-casatorie-29.08.2019.pdf\">Publicatie casatorie 29.08.2019<\/a><br \/>\n<a href=\"https:\/\/comunagaliciuica.ro\/wp-content\/uploads\/2019\/08\/Publicatie-casatorie-13.08.2019.pdf\">Publicatie casatorie 13.08.2019<\/a><br \/>\n<a href=\"https:\/\/comunagaliciuica.ro\/wp-content\/uploads\/2019\/07\/Publicatie-casatorie-25.07.2019.pdf\">Publicatie casatorie 25.07.2019<\/a><\/p>\n","protected":false},"excerpt":{"rendered":"<p>2026 Publicatie casatorie 09.04.2026 2025 Publica\u021bie casatorie 01.10.2025 Publica\u021bie c\u0103s\u0103torie 03.09.2025 (2) Publica\u021bie c\u0103s\u0103torie 03.09.2025 (1) Publica\u021bie c\u0103s\u0103torie 08.07.2025 2024 Publicatie c\u0103s\u0103torie 09.10.2024 Publicatie casatorie 23.09.2024 Publicatie casatorie 12.09.2024 Publicatie casatorie 14.08.2024 I Publicatie casatorie 14.08.2024 Publicatie casatorie 16.05.2024 2023 Publicatie casatorie 06.09.2023 Publicatie casatorie 31.08.2023 Publicatie casatorie 19.07.2023 Publicatie casatorie 15.06.2023 Publicatie casatorie 29.03.2023 &hellip; <a href=\"https:\/\/comunagaliciuica.ro\/?page_id=1032\" class=\"more-link\">Continue reading <span class=\"screen-reader-text\">Stare civila<\/span> <span class=\"meta-nav\">&rarr;<\/span><\/a><\/p>\n","protected":false},"author":35,"featured_media":0,"parent":181,"menu_order":0,"comment_status":"closed","ping_status":"closed","template":"","meta":{"footnotes":""},"class_list":["post-1032","page","type-page","status-publish","hentry"],"_links":{"self":[{"href":"https:\/\/comunagaliciuica.ro\/index.php?rest_route=\/wp\/v2\/pages\/1032","targetHints":{"allow":["GET"]}}],"collection":[{"href":"https:\/\/comunagaliciuica.ro\/index.php?rest_route=\/wp\/v2\/pages"}],"about":[{"href":"https:\/\/comunagaliciuica.ro\/index.php?rest_route=\/wp\/v2\/types\/page"}],"author":[{"embeddable":true,"href":"https:\/\/comunagaliciuica.ro\/index.php?rest_route=\/wp\/v2\/users\/35"}],"replies":[{"embeddable":true,"href":"https:\/\/comunagaliciuica.ro\/index.php?rest_route=%2Fwp%2Fv2%2Fcomments&post=1032"}],"version-history":[{"count":36,"href":"https:\/\/comunagaliciuica.ro\/index.php?rest_route=\/wp\/v2\/pages\/1032\/revisions"}],"predecessor-version":[{"id":1396,"href":"https:\/\/comunagaliciuica.ro\/index.php?rest_route=\/wp\/v2\/pages\/1032\/revisions\/1396"}],"up":[{"embeddable":true,"href":"https:\/\/comunagaliciuica.ro\/index.php?rest_route=\/wp\/v2\/pages\/181"}],"wp:attachment":[{"href":"https:\/\/comunagaliciuica.ro\/index.php?rest_route=%2Fwp%2Fv2%2Fmedia&parent=1032"}],"curies":[{"name":"wp","href":"https:\/\/api.w.org\/{rel}","templated":true}]}}