{"id":1342,"date":"2025-03-11T18:49:40","date_gmt":"2025-03-11T16:49:40","guid":{"rendered":"https:\/\/www.comunagaliciuica.ro\/?page_id=1342"},"modified":"2025-03-11T18:51:54","modified_gmt":"2025-03-11T16:51:54","slug":"poad","status":"publish","type":"page","link":"https:\/\/comunagaliciuica.ro\/?page_id=1342","title":{"rendered":"Proiecte finan\u021bate prin Programul Opera\u021bional Ajutorarea Persoanelor Defavorizate 2014-2020 (POAD)"},"content":{"rendered":"<p>&nbsp;<\/p>\n<ul>\n<li><a href=\"https:\/\/comunagaliciuica.ro\/wp-content\/uploads\/2025\/03\/Proiect-ACORDAREA-DE-PACHETE-CU-AJUTOARE-ALIMENTARE-IN-CADRUL-POAD-20182021-125099.pdf\">Proiect &#8211; ACORDAREA DE PACHETE CU AJUTOARE ALIMENTARE \u00ceN CADRUL POAD 20182021 &#8211; 125099<\/a> <\/li>\n<li><a href=\"https:\/\/comunagaliciuica.ro\/wp-content\/uploads\/2025\/03\/Proiect-ACORDAREA-DE-PACHETE-CU-PRODUSE-DE-IGIENA-IN-CADRUL-POAD-2018-2020-125284.pdf\">Proiect &#8211; ACORDAREA DE PACHETE CU PRODUSE DE IGIEN\u0102 \u00ceN CADRUL POAD 2018-2020 &#8211; 125284<\/a><\/li>\n<li> <a href=\"https:\/\/comunagaliciuica.ro\/wp-content\/uploads\/2025\/03\/Proiect-ACORDAREA-DE-TRUSOURI-PENTRU-NOU-NASCUTI-156834.pdf\">Proiect &#8211; ACORDAREA DE TRUSOURI PENTRU NOU-N\u0102SCU\u021aI &#8211; 156834<\/a><\/li>\n<\/ul>\n<p>&nbsp;<\/p>\n","protected":false},"excerpt":{"rendered":"<p>&nbsp; Proiect &#8211; ACORDAREA DE PACHETE CU AJUTOARE ALIMENTARE \u00ceN CADRUL POAD 20182021 &#8211; 125099 Proiect &#8211; ACORDAREA DE PACHETE CU PRODUSE DE IGIEN\u0102 \u00ceN CADRUL POAD 2018-2020 &#8211; 125284 Proiect &#8211; ACORDAREA DE TRUSOURI PENTRU NOU-N\u0102SCU\u021aI &#8211; 156834 &nbsp;<\/p>\n","protected":false},"author":35,"featured_media":0,"parent":0,"menu_order":0,"comment_status":"closed","ping_status":"closed","template":"","meta":{"footnotes":""},"class_list":["post-1342","page","type-page","status-publish","hentry"],"_links":{"self":[{"href":"https:\/\/comunagaliciuica.ro\/index.php?rest_route=\/wp\/v2\/pages\/1342","targetHints":{"allow":["GET"]}}],"collection":[{"href":"https:\/\/comunagaliciuica.ro\/index.php?rest_route=\/wp\/v2\/pages"}],"about":[{"href":"https:\/\/comunagaliciuica.ro\/index.php?rest_route=\/wp\/v2\/types\/page"}],"author":[{"embeddable":true,"href":"https:\/\/comunagaliciuica.ro\/index.php?rest_route=\/wp\/v2\/users\/35"}],"replies":[{"embeddable":true,"href":"https:\/\/comunagaliciuica.ro\/index.php?rest_route=%2Fwp%2Fv2%2Fcomments&post=1342"}],"version-history":[{"count":2,"href":"https:\/\/comunagaliciuica.ro\/index.php?rest_route=\/wp\/v2\/pages\/1342\/revisions"}],"predecessor-version":[{"id":1348,"href":"https:\/\/comunagaliciuica.ro\/index.php?rest_route=\/wp\/v2\/pages\/1342\/revisions\/1348"}],"wp:attachment":[{"href":"https:\/\/comunagaliciuica.ro\/index.php?rest_route=%2Fwp%2Fv2%2Fmedia&parent=1342"}],"curies":[{"name":"wp","href":"https:\/\/api.w.org\/{rel}","templated":true}]}}