{"id":2,"date":"2011-03-29T14:26:21","date_gmt":"2011-03-29T14:26:21","guid":{"rendered":"http:\/\/.\/?page_id=2"},"modified":"2025-12-15T20:51:03","modified_gmt":"2025-12-15T18:51:03","slug":"sample-page","status":"publish","type":"page","link":"https:\/\/comunagaliciuica.ro\/?page_id=2","title":{"rendered":"A\u015fezarea localit\u0103\u0163ii"},"content":{"rendered":"<p>Comuna Galiciuica este situata in partea  sud-vestica  a judetului Dolj, la 13 km fata de municipiul Bailesti si la 50km de municipiul Craiova.<\/p>\n<p><iframe loading=\"lazy\" width=\"425\" height=\"350\" frameborder=\"0\" scrolling=\"no\" marginheight=\"0\" marginwidth=\"0\" src=\"https:\/\/maps.google.ro\/maps?hl=ro&amp;q=galiciuica+dolj&amp;ie=UTF8&amp;hq=&amp;hnear=Galiciuica,+Dolj&amp;gl=ro&amp;ll=44.1,23.383333&amp;spn=0.057569,0.119305&amp;z=13&amp;output=embed\"><\/iframe><br \/><small><a href=\"http:\/\/maps.google.ro\/maps?hl=ro&amp;q=galiciuica+dolj&amp;ie=UTF8&amp;hq=&amp;hnear=Galiciuica,+Dolj&amp;gl=ro&amp;ll=44.1,23.383333&amp;spn=0.057569,0.119305&amp;z=13&amp;source=embed\" style=\"color:#0000FF;text-align:left\">Vizualizare hart\u0103 m\u0103rit\u0103<\/a><\/small><\/p>\n<p>Coordonatele geografice Galiciuica:<\/p>\n<p>44.10 latitudine nordica<br \/>\n23.38 longitudine estica<\/p>\n","protected":false},"excerpt":{"rendered":"<p>Comuna Galiciuica este situata in partea sud-vestica a judetului Dolj, la 13 km fata de municipiul Bailesti si la 50km de municipiul Craiova. Vizualizare hart\u0103 m\u0103rit\u0103 Coordonatele geografice Galiciuica: 44.10 latitudine nordica 23.38 longitudine estica<\/p>\n","protected":false},"author":35,"featured_media":0,"parent":264,"menu_order":0,"comment_status":"closed","ping_status":"closed","template":"","meta":{"footnotes":""},"class_list":["post-2","page","type-page","status-publish","hentry"],"_links":{"self":[{"href":"https:\/\/comunagaliciuica.ro\/index.php?rest_route=\/wp\/v2\/pages\/2","targetHints":{"allow":["GET"]}}],"collection":[{"href":"https:\/\/comunagaliciuica.ro\/index.php?rest_route=\/wp\/v2\/pages"}],"about":[{"href":"https:\/\/comunagaliciuica.ro\/index.php?rest_route=\/wp\/v2\/types\/page"}],"author":[{"embeddable":true,"href":"https:\/\/comunagaliciuica.ro\/index.php?rest_route=\/wp\/v2\/users\/35"}],"replies":[{"embeddable":true,"href":"https:\/\/comunagaliciuica.ro\/index.php?rest_route=%2Fwp%2Fv2%2Fcomments&post=2"}],"version-history":[{"count":38,"href":"https:\/\/comunagaliciuica.ro\/index.php?rest_route=\/wp\/v2\/pages\/2\/revisions"}],"predecessor-version":[{"id":1384,"href":"https:\/\/comunagaliciuica.ro\/index.php?rest_route=\/wp\/v2\/pages\/2\/revisions\/1384"}],"up":[{"embeddable":true,"href":"https:\/\/comunagaliciuica.ro\/index.php?rest_route=\/wp\/v2\/pages\/264"}],"wp:attachment":[{"href":"https:\/\/comunagaliciuica.ro\/index.php?rest_route=%2Fwp%2Fv2%2Fmedia&parent=2"}],"curies":[{"name":"wp","href":"https:\/\/api.w.org\/{rel}","templated":true}]}}