{"id":206,"date":"2011-04-06T16:59:48","date_gmt":"2011-04-06T16:59:48","guid":{"rendered":".\/?page_id=206"},"modified":"2011-04-26T12:55:15","modified_gmt":"2011-04-26T12:55:15","slug":"strategia-de-dezvoltare","status":"publish","type":"page","link":"https:\/\/comunagaliciuica.ro\/?page_id=206","title":{"rendered":"Strategia de dezvoltare"},"content":{"rendered":"<p>Alimentare cu ap\u0103<br \/>\nCanalizare<br \/>\nGaze<br \/>\nConstruirea unei s\u0103li de sport \u015fi a unui C\u0103min Cultural<br \/>\nDispensar uman &#8211; construc\u0163ie<br \/>\nModernizare drumrui comunale<br \/>\nReabilitare \u015fi igienizare \u015fcoli \u015fi gr\u0103dini\u0163e<br \/>\nAmenajare spa\u0163ii spa\u0163ii verzi<br \/>\n\u00cen colaborare cu municipiul B\u0103ile\u015fti se va construi o gropa\u0103 de gunoi ecologic\u0103<br \/>\n\u00cenfiin\u0163area unui servicu public comunitar de eviden\u0163\u0103 a persoanelor \u00een colaborare cu comuna Giubega<\/p>\n","protected":false},"excerpt":{"rendered":"<p>Alimentare cu ap\u0103 Canalizare Gaze Construirea unei s\u0103li de sport \u015fi a unui C\u0103min Cultural Dispensar uman &#8211; construc\u0163ie Modernizare drumrui comunale Reabilitare \u015fi igienizare \u015fcoli \u015fi gr\u0103dini\u0163e Amenajare spa\u0163ii spa\u0163ii verzi \u00cen colaborare cu municipiul B\u0103ile\u015fti se va construi o gropa\u0103 de gunoi ecologic\u0103 \u00cenfiin\u0163area unui servicu public comunitar de eviden\u0163\u0103 a persoanelor \u00een &hellip; <a href=\"https:\/\/comunagaliciuica.ro\/?page_id=206\" class=\"more-link\">Continue reading <span class=\"screen-reader-text\">Strategia de dezvoltare<\/span> <span class=\"meta-nav\">&rarr;<\/span><\/a><\/p>\n","protected":false},"author":35,"featured_media":0,"parent":181,"menu_order":0,"comment_status":"closed","ping_status":"closed","template":"","meta":{"footnotes":""},"class_list":["post-206","page","type-page","status-publish","hentry"],"_links":{"self":[{"href":"https:\/\/comunagaliciuica.ro\/index.php?rest_route=\/wp\/v2\/pages\/206","targetHints":{"allow":["GET"]}}],"collection":[{"href":"https:\/\/comunagaliciuica.ro\/index.php?rest_route=\/wp\/v2\/pages"}],"about":[{"href":"https:\/\/comunagaliciuica.ro\/index.php?rest_route=\/wp\/v2\/types\/page"}],"author":[{"embeddable":true,"href":"https:\/\/comunagaliciuica.ro\/index.php?rest_route=\/wp\/v2\/users\/35"}],"replies":[{"embeddable":true,"href":"https:\/\/comunagaliciuica.ro\/index.php?rest_route=%2Fwp%2Fv2%2Fcomments&post=206"}],"version-history":[{"count":5,"href":"https:\/\/comunagaliciuica.ro\/index.php?rest_route=\/wp\/v2\/pages\/206\/revisions"}],"predecessor-version":[{"id":722,"href":"https:\/\/comunagaliciuica.ro\/index.php?rest_route=\/wp\/v2\/pages\/206\/revisions\/722"}],"up":[{"embeddable":true,"href":"https:\/\/comunagaliciuica.ro\/index.php?rest_route=\/wp\/v2\/pages\/181"}],"wp:attachment":[{"href":"https:\/\/comunagaliciuica.ro\/index.php?rest_route=%2Fwp%2Fv2%2Fmedia&parent=206"}],"curies":[{"name":"wp","href":"https:\/\/api.w.org\/{rel}","templated":true}]}}