{"id":38,"date":"2011-04-06T16:02:06","date_gmt":"2011-04-06T16:02:06","guid":{"rendered":"http:\/\/.\/?page_id=38"},"modified":"2025-12-15T20:54:59","modified_gmt":"2025-12-15T18:54:59","slug":"economie","status":"publish","type":"page","link":"https:\/\/comunagaliciuica.ro\/?page_id=38","title":{"rendered":"Economie"},"content":{"rendered":"<table width=\"100%\" border=\"0\" cellspacing=\"0\" cellpadding=\"2\">\n<tbody>\n<tr>\n<td><strong>Activitati specifice zonei:<\/strong><\/td>\n<td>Agricultur\u0103<br \/>\nCultur\u0103 mare<br \/>\nLegumicultur\u0103<br \/>\nZootehnie<\/td>\n<\/tr>\n<tr>\n<td bgcolor=\"#c8e9fe\"><strong>Activitati economice principale:<\/strong><\/td>\n<td bgcolor=\"#c8e9fe\">Agricultur\u0103<br \/>\nAgroturism<\/td>\n<\/tr>\n<\/tbody>\n<\/table>\n","protected":false},"excerpt":{"rendered":"<p>Activitati specifice zonei: Agricultur\u0103 Cultur\u0103 mare Legumicultur\u0103 Zootehnie Activitati economice principale: Agricultur\u0103 Agroturism<\/p>\n","protected":false},"author":35,"featured_media":0,"parent":264,"menu_order":0,"comment_status":"closed","ping_status":"closed","template":"","meta":{"footnotes":""},"class_list":["post-38","page","type-page","status-publish","hentry"],"_links":{"self":[{"href":"https:\/\/comunagaliciuica.ro\/index.php?rest_route=\/wp\/v2\/pages\/38","targetHints":{"allow":["GET"]}}],"collection":[{"href":"https:\/\/comunagaliciuica.ro\/index.php?rest_route=\/wp\/v2\/pages"}],"about":[{"href":"https:\/\/comunagaliciuica.ro\/index.php?rest_route=\/wp\/v2\/types\/page"}],"author":[{"embeddable":true,"href":"https:\/\/comunagaliciuica.ro\/index.php?rest_route=\/wp\/v2\/users\/35"}],"replies":[{"embeddable":true,"href":"https:\/\/comunagaliciuica.ro\/index.php?rest_route=%2Fwp%2Fv2%2Fcomments&post=38"}],"version-history":[{"count":16,"href":"https:\/\/comunagaliciuica.ro\/index.php?rest_route=\/wp\/v2\/pages\/38\/revisions"}],"predecessor-version":[{"id":1390,"href":"https:\/\/comunagaliciuica.ro\/index.php?rest_route=\/wp\/v2\/pages\/38\/revisions\/1390"}],"up":[{"embeddable":true,"href":"https:\/\/comunagaliciuica.ro\/index.php?rest_route=\/wp\/v2\/pages\/264"}],"wp:attachment":[{"href":"https:\/\/comunagaliciuica.ro\/index.php?rest_route=%2Fwp%2Fv2%2Fmedia&parent=38"}],"curies":[{"name":"wp","href":"https:\/\/api.w.org\/{rel}","templated":true}]}}