{"id":392,"date":"2011-04-07T08:20:20","date_gmt":"2011-04-07T08:20:20","guid":{"rendered":"http:\/\/.\/?page_id=392"},"modified":"2026-02-14T17:48:47","modified_gmt":"2026-02-14T15:48:47","slug":"pagina-principala","status":"publish","type":"page","link":"https:\/\/comunagaliciuica.ro\/","title":{"rendered":"Pagina principala"},"content":{"rendered":"<table border=\"0\" width=\"100%\" cellspacing=\"0\" cellpadding=\"0\">\n<tbody>\n<tr>\n<td width=\"39%\"><strong>Adresa: <\/strong><\/td>\n<td width=\"61%\">Comuna Galiciuica, str. Principal\u0103 nr. 20<\/td>\n<\/tr>\n<tr>\n<td><strong>Localitatea: <\/strong><\/td>\n<td>Galiciuica<\/td>\n<\/tr>\n<tr>\n<td><strong>Judet: <\/strong><\/td>\n<td>Dolj<\/td>\n<\/tr>\n<tr>\n<td><strong>Tara<\/strong><strong>:<\/strong><\/td>\n<td>Romania<\/td>\n<\/tr>\n<tr>\n<td><strong>Cod postal: <\/strong><\/td>\n<td>207291<\/td>\n<\/tr>\n<tr>\n<td><strong>Telefon:<\/strong><\/td>\n<td>0251-460667<\/td>\n<\/tr>\n<tr>\n<td><strong>Fax: <\/strong><\/td>\n<td>0251-460667<\/td>\n<\/tr>\n<tr>\n<td><strong>URL: <\/strong><\/td>\n<td><a href=\"https:\/\/comunagaliciuica.ro\/\">https:\/\/comunagaliciuica.ro\/<\/a><\/td>\n<\/tr>\n<tr>\n<td><strong>Adresa de e-mail: <\/strong><\/td>\n<td>\n<p><a href=\"mailto:comunagaliciuica@gmail.com\">comunagaliciuica@gmail.com<\/a><br \/><a href=\"mailto:primariagaliciuica@yahoo.com\">primariagaliciuica@yahoo.com<\/a><br \/><a href=\"mailto:galiciuica@cjdolj.ro\">galiciuica@cjdolj.ro<\/a><\/p>\n<\/td>\n<\/tr>\n<\/tbody>\n<\/table>\n<p><a href=\"https:\/\/comunagaliciuica.ro\/wp-content\/uploads\/2026\/02\/COMUNICAT.pdf\">12.02.2026 COMUNICAT<\/a><\/p>\n<hr \/>\n<p><img loading=\"lazy\" decoding=\"async\" class=\"alignnone size-medium wp-image-1361\" src=\"https:\/\/comunagaliciuica.ro\/wp-content\/uploads\/2025\/08\/afis-aug35-nemodificat-212x300.jpg\" alt=\"\" width=\"212\" height=\"300\" srcset=\"https:\/\/comunagaliciuica.ro\/wp-content\/uploads\/2025\/08\/afis-aug35-nemodificat-212x300.jpg 212w, https:\/\/comunagaliciuica.ro\/wp-content\/uploads\/2025\/08\/afis-aug35-nemodificat-724x1024.jpg 724w, https:\/\/comunagaliciuica.ro\/wp-content\/uploads\/2025\/08\/afis-aug35-nemodificat-1086x1536.jpg 1086w, https:\/\/comunagaliciuica.ro\/wp-content\/uploads\/2025\/08\/afis-aug35-nemodificat.jpg 1414w\" sizes=\"auto, (max-width: 212px) 100vw, 212px\" \/> <img loading=\"lazy\" decoding=\"async\" class=\"alignnone size-medium wp-image-1362\" src=\"https:\/\/comunagaliciuica.ro\/wp-content\/uploads\/2025\/08\/flyer-14.08-212x300.png\" alt=\"\" width=\"212\" height=\"300\" srcset=\"https:\/\/comunagaliciuica.ro\/wp-content\/uploads\/2025\/08\/flyer-14.08-212x300.png 212w, https:\/\/comunagaliciuica.ro\/wp-content\/uploads\/2025\/08\/flyer-14.08-724x1024.png 724w, https:\/\/comunagaliciuica.ro\/wp-content\/uploads\/2025\/08\/flyer-14.08-1086x1536.png 1086w, https:\/\/comunagaliciuica.ro\/wp-content\/uploads\/2025\/08\/flyer-14.08.png 1414w\" sizes=\"auto, (max-width: 212px) 100vw, 212px\" \/><\/p>\n<hr \/>\n<p><a href=\"https:\/\/comunagaliciuica.ro\/wp-content\/uploads\/2024\/08\/Anunt-intrerupere-energie-22.08.2024.pdf\">Anunt intrerupere energie 22.08.2024<\/a><\/p>\n<p><a href=\".\/wp-content\/uploads\/2023\/02\/informare-SGR.pdf\">INFORMARE PRIVIND SISTEMUL DE GARANTIE-RETURNARE PENTRU AMBALAJELE PRIMARE NEREUTILIZABILE<\/a><\/p>\n\n\n<figure class=\"wp-block-image size-large\"><img loading=\"lazy\" decoding=\"async\" width=\"1024\" height=\"576\" src=\"https:\/\/comunagaliciuica.ro\/wp-content\/uploads\/2023\/02\/RetuRO_inregistrare_baza_date_SGR-1024x576.png\" alt=\"\" class=\"wp-image-1223\" srcset=\"https:\/\/comunagaliciuica.ro\/wp-content\/uploads\/2023\/02\/RetuRO_inregistrare_baza_date_SGR-1024x576.png 1024w, https:\/\/comunagaliciuica.ro\/wp-content\/uploads\/2023\/02\/RetuRO_inregistrare_baza_date_SGR-300x169.png 300w, https:\/\/comunagaliciuica.ro\/wp-content\/uploads\/2023\/02\/RetuRO_inregistrare_baza_date_SGR-1536x864.png 1536w, https:\/\/comunagaliciuica.ro\/wp-content\/uploads\/2023\/02\/RetuRO_inregistrare_baza_date_SGR-2048x1152.png 2048w\" sizes=\"auto, (max-width: 1024px) 100vw, 1024px\" \/><figcaption class=\"wp-element-caption\"><strong><a href=\".\/wp-content\/uploads\/2023\/02\/inregistrare-SGR.pdf\">Produc\u0103torii \u0219i comercian\u021bii de b\u0103uturi trebuie s\u0103 se \u00eenregistreze \u00een baza de date a Sistemului de Garan\u021bie-Returnare (SGR) p\u00e2n\u0103 pe 28 februarie<\/a><\/strong><\/figcaption><\/figure>\n\n\n<p><a href=\"https:\/\/comunagaliciuica.ro\/wp-content\/uploads\/2021\/03\/Facilitarea-insertiei-pe-piala-muncii-a-persoanelor-cu-dezabilitati-2021.pdf\">Facilitarea insertiei pe piala muncii a persoanelor cu dezabilitati 2021<\/a><!--:--><!--:fr--><\/p>","protected":false},"excerpt":{"rendered":"<p>Adresa: Comuna Galiciuica, str. Principal\u0103 nr. 20 Localitatea: Galiciuica Judet: Dolj Tara: Romania Cod postal: 207291 Telefon: 0251-460667 Fax: 0251-460667 URL: https:\/\/comunagaliciuica.ro\/ Adresa de e-mail: comunagaliciuica@gmail.comprimariagaliciuica@yahoo.comgaliciuica@cjdolj.ro 12.02.2026 COMUNICAT Anunt intrerupere energie 22.08.2024 INFORMARE PRIVIND SISTEMUL DE GARANTIE-RETURNARE PENTRU AMBALAJELE PRIMARE NEREUTILIZABILE Facilitarea insertiei pe piala muncii a persoanelor cu dezabilitati 2021<\/p>\n","protected":false},"author":35,"featured_media":0,"parent":0,"menu_order":0,"comment_status":"closed","ping_status":"closed","template":"","meta":{"footnotes":""},"class_list":["post-392","page","type-page","status-publish","hentry"],"_links":{"self":[{"href":"https:\/\/comunagaliciuica.ro\/index.php?rest_route=\/wp\/v2\/pages\/392","targetHints":{"allow":["GET"]}}],"collection":[{"href":"https:\/\/comunagaliciuica.ro\/index.php?rest_route=\/wp\/v2\/pages"}],"about":[{"href":"https:\/\/comunagaliciuica.ro\/index.php?rest_route=\/wp\/v2\/types\/page"}],"author":[{"embeddable":true,"href":"https:\/\/comunagaliciuica.ro\/index.php?rest_route=\/wp\/v2\/users\/35"}],"replies":[{"embeddable":true,"href":"https:\/\/comunagaliciuica.ro\/index.php?rest_route=%2Fwp%2Fv2%2Fcomments&post=392"}],"version-history":[{"count":41,"href":"https:\/\/comunagaliciuica.ro\/index.php?rest_route=\/wp\/v2\/pages\/392\/revisions"}],"predecessor-version":[{"id":1393,"href":"https:\/\/comunagaliciuica.ro\/index.php?rest_route=\/wp\/v2\/pages\/392\/revisions\/1393"}],"wp:attachment":[{"href":"https:\/\/comunagaliciuica.ro\/index.php?rest_route=%2Fwp%2Fv2%2Fmedia&parent=392"}],"curies":[{"name":"wp","href":"https:\/\/api.w.org\/{rel}","templated":true}]}}